{"id":411,"date":"2022-07-26T14:06:38","date_gmt":"2022-07-26T12:06:38","guid":{"rendered":"https:\/\/engee.de\/?page_id=411"},"modified":"2024-08-19T10:15:58","modified_gmt":"2024-08-19T08:15:58","slug":"privacy-policy","status":"publish","type":"page","link":"https:\/\/engee.de\/en\/privacy-policy\/","title":{"rendered":"Privacy Policy"},"content":{"rendered":"<div class=\"fusion-fullwidth fullwidth-box fusion-builder-row-1 fusion-flex-container has-pattern-background has-mask-background nonhundred-percent-fullwidth non-hundred-percent-height-scrolling\" style=\"--awb-border-radius-top-left:0px;--awb-border-radius-top-right:0px;--awb-border-radius-bottom-right:0px;--awb-border-radius-bottom-left:0px;--awb-flex-wrap:wrap;\" ><div class=\"fusion-builder-row fusion-row fusion-flex-align-items-flex-start fusion-flex-content-wrap\" style=\"max-width:1248px;margin-left: calc(-4% \/ 2 );margin-right: calc(-4% \/ 2 );\"><div class=\"fusion-layout-column fusion_builder_column fusion-builder-column-0 fusion_builder_column_1_1 1_1 fusion-flex-column\" style=\"--awb-bg-size:cover;--awb-width-large:100%;--awb-margin-top-large:0px;--awb-spacing-right-large:1.92%;--awb-margin-bottom-large:20px;--awb-spacing-left-large:1.92%;--awb-width-medium:100%;--awb-order-medium:0;--awb-spacing-right-medium:1.92%;--awb-spacing-left-medium:1.92%;--awb-width-small:100%;--awb-order-small:0;--awb-spacing-right-small:1.92%;--awb-spacing-left-small:1.92%;\"><div class=\"fusion-column-wrapper fusion-column-has-shadow fusion-flex-justify-content-flex-start fusion-content-layout-column\"><div class=\"fusion-title title fusion-title-1 fusion-sep-none fusion-title-text fusion-title-size-one\" style=\"--awb-font-size:24px;\"><h1 class=\"fusion-title-heading title-heading-left\" style=\"margin:0;font-size:1em;\">Datenschutzerkl\u00e4rung<\/h1><\/div><div class=\"fusion-text fusion-text-1\"><p>Eine Nutzung der Internetseite www.engee.de ist grunds\u00e4tzlich ohne jede Angabe personenbezogener Daten m\u00f6glich. Sofern eine betroffene Person besondere Services unseres Unternehmens \u00fcber unsere Internetseite in Anspruch nehmen m\u00f6chte, k\u00f6nnte jedoch eine Verarbeitung personenbezogener Daten erforderlich werden. Ist die Verarbeitung personenbezogener Daten erforderlich und besteht f\u00fcr eine solche Verarbeitung keine gesetzliche Grundlage, holen wir generell eine Einwilligung der betroffenen Person ein.<\/p>\n<p>Die Verarbeitung personenbezogener Daten wie Name, Anschrift, E-Mail-Adresse oder Telefonnummer einer betroffenen Person, erfolgt stets in \u00dcbereinstimmung mit der Datenschutzgrundverordnung. Mittels dieser Datenschutzerkl\u00e4rung m\u00f6chte unser Unternehmen die \u00d6ffentlichkeit \u00fcber Art, Umfang und Zweck der erhobenen, genutzten und verarbeiteten personenbezogenen Daten informieren. Ferner werden betroffene Personen mittels dieser Datenschutzerkl\u00e4rung \u00fcber die ihnen zustehenden Rechte aufgekl\u00e4rt.<\/p>\n<p>Nikolas Gleber hat als f\u00fcr die Verarbeitung Verantwortlicher zahlreiche technische und organisatorische Ma\u00dfnahmen umgesetzt, um einen m\u00f6glichst l\u00fcckenlosen Schutz der \u00fcber diese Internetseite verarbeiteten personenbezogenen Daten sicherzustellen. Dennoch k\u00f6nnen internetbasierte Daten\u00fcbertragungen grunds\u00e4tzlich Sicherheitsl\u00fccken aufweisen, sodass ein absoluter Schutz nicht gew\u00e4hrleistet werden kann. Aus diesem Grund steht es jeder betroffenen Person frei, personenbezogene Daten auch auf alternativen Wegen an uns zu \u00fcbermitteln.<\/p>\n<\/div><\/div><\/div><div class=\"fusion-layout-column fusion_builder_column fusion-builder-column-1 fusion_builder_column_1_1 1_1 fusion-flex-column\" style=\"--awb-bg-size:cover;--awb-width-large:100%;--awb-margin-top-large:0px;--awb-spacing-right-large:1.92%;--awb-margin-bottom-large:20px;--awb-spacing-left-large:1.92%;--awb-width-medium:100%;--awb-order-medium:0;--awb-spacing-right-medium:1.92%;--awb-spacing-left-medium:1.92%;--awb-width-small:100%;--awb-order-small:0;--awb-spacing-right-small:1.92%;--awb-spacing-left-small:1.92%;\"><div class=\"fusion-column-wrapper fusion-column-has-shadow fusion-flex-justify-content-flex-start fusion-content-layout-column\"><div class=\"fusion-text fusion-text-2\"><p><strong>Begriffsbestimmungen<\/strong><br \/>\nDie Datenschutzerkl\u00e4rung beruht auf den Begrifflichkeiten, die durch den Europ\u00e4ischen Richtlinien- und Verordnungsgeber in der Datenschutz-Grundverordnung (DS-GVO) definiert wurden. Unsere Datenschutzerkl\u00e4rung soll sowohl f\u00fcr die \u00d6ffentlichkeit als auch f\u00fcr unsere Kunden und Gesch\u00e4ftspartner einfach lesbar und verst\u00e4ndlich sein.<\/p>\n<p><strong>Name und Anschrift des f\u00fcr die Verarbeitung Verantwortlichen<\/strong><br \/>\nVerantwortlicher f\u00fcr die Verarbeitung Ihrer personenbezogenen Daten im Zusammenhang mit der Nutzung der Website www.engee.de im Sinne der Datenschutz-Grundverordnung, des Bundesdatenschutzgesetzes und sonstiger anwendbarer Datenschutzgesetze ist:<\/p>\n<p>ENGEE\/ Nikolas Gleber<br \/>\nProskauer Strasse 38<br \/>\n10247 Berlin<\/p>\n<p>Kontaktaufnahme<br \/>\nT: +49 (0)1578 27 57 37 6<br \/>\nE: ENGEEBERLIN[at]ENGEE.DE<br \/>\nW: WWW.ENGEE.DE<\/p>\n<p><strong>Erfassung von allgemeinen Daten und Informationen<\/strong><br \/>\nDie Internetseite www.engee.de erfasst mit jedem Aufruf ebendieser durch eine betroffene Person oder ein automatisiertes System eine Reihe von allgemeinen Daten und Informationen. Diese allgemeinen Daten und Informationen werden in den Logfiles des Servers gespeichert.<\/p>\n<p>Erfasst werden k\u00f6nnen<br \/>\n(1) die verwendeten Browsertypen und Versionen,<br \/>\n(2) das vom zugreifenden System verwendete Betriebssystem,<br \/>\n(3) die Internetseite, von welcher ein zugreifendes System \u2013 sogenannte Referrer \u2013 auf unsere Internetseite gelangt,<br \/>\n(4) die Unterwebseiten, welche \u00fcber ein zugreifendes System auf unserer Internetseite angesteuert werden,<br \/>\n(5) das Datum und die Uhrzeit eines Zugriffs auf die Internetseite,<br \/>\n(6) eine Internet-Protokoll-Adresse (IP-Adresse),<br \/>\n(7) der Internet-Service-Provider des zugreifenden Systems und<br \/>\n(8) sonstige \u00e4hnliche Daten und Informationen, die der Gefahrenabwehr im Falle von Angriffen auf unsere informationstechnologischen Systeme dienen.<br \/>\nBei der Nutzung dieser allgemeinen Daten und Informationen werden keine R\u00fcckschl\u00fcsse auf die betroffene Person gezogen. Diese Informationen werden vielmehr ben\u00f6tigt, um<br \/>\n(1) die Inhalte unserer Internetseite korrekt auszuliefern,<br \/>\n(2) die Inhalte unserer Internetseite sowie die Werbung f\u00fcr diese zu optimieren,<br \/>\n(3) die dauerhafte Funktionsf\u00e4higkeit unserer informationstechnologischen Systeme und der Technik unserer Internetseite zu gew\u00e4hrleisten sowie<br \/>\n(4) um Strafverfolgungsbeh\u00f6rden im Falle eines Cyberangriffes die zur Strafverfolgung notwendigen Informationen bereitzustellen.<\/p>\n<p>Diese anonym erhobenen Daten und Informationen werden daher einerseits statistisch und ferner mit dem Ziel ausgewertet, den Datenschutz und die Datensicherheit in unserem Unternehmen zu erh\u00f6hen, um letztlich ein optimales Schutzniveau f\u00fcr die verarbeiteten personenbezogenen Daten sicherzustellen. Die anonymen Daten der Server-Logfiles werden getrennt von allen durch eine betroffene Person angegebenen personenbezogenen Daten gespeichert.<\/p>\n<p><strong>SSL-Verschl\u00fcsselung<\/strong><br \/>\nUm die Sicherheit Ihrer Daten bei der \u00dcbertragung zu sch\u00fctzen, verwenden wir das dem aktuellen Stand der Technik entsprechende Verschl\u00fcsselungsverfahren (z. B. SSL) \u00fcber HTTPS.<\/p>\n<p><strong>Kontaktformular &amp; E-Mail-Kontakt<\/strong><br \/>\nDie Internetseite www.engee.de enth\u00e4lt \u2013 aufgrund von gesetzlichen Vorschriften \u2013 Angaben, die eine schnelle elektronische Kontaktaufnahme zu unserem Unternehmen sowie eine unmittelbare Kommunikation mit uns erm\u00f6glichen, was ebenfalls eine allgemeine Adresse der sogenannten elektronischen Post (E-Mail-Adresse) umfasst. Sofern Sie per E-Mail oder \u00fcber ein Kontaktformular Kontakt zu uns aufnehmen, werden die von Ihnen freiwillig \u00fcbermittelten personenbezogenen Daten zum Zwecke der Bearbeitung der Anfrage sowie f\u00fcr m\u00f6gliche Anschlussfragen automatisch gespeichert. Es erfolgt keine Weitergabe dieser personenbezogenen Daten an Dritte.<\/p>\n<p><strong>Weitergabe personenbezogener Daten<\/strong><br \/>\nEine Daten\u00fcbermittlung an Dritte findet nicht statt. Personenbezogene Informationen geben wir nur weiter, wenn Sie ausdr\u00fccklich eingewilligt haben, hierf\u00fcr eine gesetzliche Verpflichtung besteht oder dies zur Durchsetzung unserer Rechte, insbesondere zur Durchsetzung von Anspr\u00fcchen aus einem Vertragsverh\u00e4ltnis mit Ihnen, erforderlich ist.<\/p>\n<p><strong>L\u00f6schung und Sperrung von personenbezogenen Daten<\/strong><br \/>\nDer f\u00fcr die Verarbeitung Verantwortliche verarbeitet und speichert personenbezogene Daten der betroffenen Person nur f\u00fcr den Zeitraum, der zur Erreichung des Speicherungszwecks erforderlich ist oder sofern dies durch den Europ\u00e4ischen Richtlinien- und Verordnungsgeber oder einen anderen Gesetzgeber in Gesetzen oder Vorschriften, welchen der f\u00fcr die Verarbeitung Verantwortliche unterliegt, vorgesehen wurde.<\/p>\n<p>Entf\u00e4llt der Speicherungszweck oder l\u00e4uft eine vom Europ\u00e4ischen Richtlinien- und Verordnungsgeber oder einem anderen zust\u00e4ndigen Gesetzgeber vorgeschriebene Speicherfrist ab, werden die personenbezogenen Daten routinem\u00e4\u00dfig und entsprechend den gesetzlichen Vorschriften gesperrt oder gel\u00f6scht.<\/p>\n<p><strong>Datenschutzrechte betroffener Personen<\/strong><br \/>\na) Recht auf Best\u00e4tigung<br \/>\nb) Recht auf Auskunft<br \/>\nc) Recht auf Berichtigung<br \/>\nd) Recht auf L\u00f6schung (Recht auf Vergessen werden)<br \/>\ne) Recht auf Einschr\u00e4nkung der Verarbeitung<br \/>\nf) Recht auf Daten\u00fcbertragbarkeit<br \/>\ng) Recht auf Widerspruch<br \/>\nh) Automatisierte Entscheidungen im Einzelfall einschlie\u00dflich Profiling<br \/>\ni) Recht auf Widerruf einer datenschutzrechtlichen Einwilligung<\/p>\n<p><strong>Pflicht zur Bereitstellung von Daten<\/strong><br \/>\nWir kl\u00e4ren Sie dar\u00fcber auf, dass die Bereitstellung personenbezogener Daten zum Teil gesetzlich vorgeschrieben ist (z.B. Steuervorschriften) oder sich auch aus vertraglichen Regelungen (z.B. Angaben zum Vertragspartner) ergeben kann. Mitunter kann es zu einem Vertragsschluss erforderlich sein, dass eine betroffene Person uns personenbezogene Daten zur Verf\u00fcgung stellt, die in der Folge durch uns verarbeitet werden m\u00fcssen. Die betroffene Person ist beispielsweise verpflichtet uns personenbezogene Daten bereitzustellen, wenn unser Unternehmen mit ihr einen Vertrag abschlie\u00dft. Eine Nichtbereitstellung der personenbezogenen Daten h\u00e4tte zur Folge, dass der Vertrag mit dem Betroffenen nicht geschlossen werden k\u00f6nnte. Vor einer Bereitstellung personenbezogener Daten durch den Betroffenen muss sich der Betroffene an einen unserer Mitarbeiter wenden. Unser Mitarbeiter kl\u00e4rt den Betroffenen einzelfallbezogen dar\u00fcber auf, ob die Bereitstellung der personenbezogenen Daten gesetzlich oder vertraglich vorgeschrieben oder f\u00fcr den Vertragsabschluss erforderlich ist, ob eine Verpflichtung besteht, die personenbezogenen Daten bereitzustellen, und welche Folgen die Nichtbereitstellung der personenbezogenen Daten h\u00e4tte.<\/p>\n<p><strong>Bestehen einer automatisierten Entscheidungsfindung<\/strong><br \/>\nAls verantwortungsbewusstes Unternehmen verzichten wir auf eine automatische Entscheidungsfindung oder ein Profiling.<\/p>\n<p><strong>Einbindung von Diensten und Inhalten Dritter<\/strong><br \/>\nInnerhalb unserer Onlinepr\u00e4senz binden wir Inhalte ein. Dies setzt immer voraus, dass die Anbieter dieser Inhalte (nachfolgend bezeichnet als \u201eDritt-Anbieter\u201c) die IP-Adresse der Nutzer erfassen. Denn ohne die IP-Adresse, k\u00f6nnten sie die Inhalte nicht an den Browser des jeweiligen Nutzers senden. Die IP-Adresse ist damit f\u00fcr die Darstellung dieser Inhalte erforderlich. Wir bem\u00fchen uns nur solche Inhalte zu verwenden, deren jeweilige Anbieter die IP-Adresse lediglich zur Auslieferung der Inhalte verwenden. Jedoch haben wir keinen Einfluss darauf, falls die Dritt-Anbieter die IP-Adresse z.B. f\u00fcr statistische Zwecke speichern.<\/p>\n<p><strong>Links zu anderen Websites<\/strong><br \/>\nDiese Website enth\u00e4lt Links zu anderen Websites. Wir haben keinen Einfluss darauf, dass deren Betreiber die Datenschutzbestimmungen einhalten.<\/p>\n<p><strong>Aktualit\u00e4t und \u00c4nderung dieser Datenschutzerkl\u00e4rung<\/strong><br \/>\nDiese Datenschutzerkl\u00e4rung ist aktuell g\u00fcltig.<\/p>\n<p>Durch die Weiterentwicklung unserer Website oder aufgrund ge\u00e4nderter gesetzlicher bzw. beh\u00f6rdlicher Vorgaben kann es notwendig werden, diese Datenschutzerkl\u00e4rung zu \u00e4ndern. Die jeweils aktuelle Datenschutzerkl\u00e4rung kann jederzeit auf unserer Website abgerufen werden.<\/p>\n<\/div><\/div><\/div><\/div><\/div>\n","protected":false},"excerpt":{"rendered":"","protected":false},"author":3,"featured_media":0,"parent":0,"menu_order":0,"comment_status":"closed","ping_status":"closed","template":"100-width.php","meta":{"footnotes":""},"class_list":["post-411","page","type-page","status-publish","hentry"],"_links":{"self":[{"href":"https:\/\/engee.de\/en\/wp-json\/wp\/v2\/pages\/411"}],"collection":[{"href":"https:\/\/engee.de\/en\/wp-json\/wp\/v2\/pages"}],"about":[{"href":"https:\/\/engee.de\/en\/wp-json\/wp\/v2\/types\/page"}],"author":[{"embeddable":true,"href":"https:\/\/engee.de\/en\/wp-json\/wp\/v2\/users\/3"}],"replies":[{"embeddable":true,"href":"https:\/\/engee.de\/en\/wp-json\/wp\/v2\/comments?post=411"}],"version-history":[{"count":0,"href":"https:\/\/engee.de\/en\/wp-json\/wp\/v2\/pages\/411\/revisions"}],"wp:attachment":[{"href":"https:\/\/engee.de\/en\/wp-json\/wp\/v2\/media?parent=411"}],"curies":[{"name":"wp","href":"https:\/\/api.w.org\/{rel}","templated":true}]}}